{"id":27,"date":"2018-03-03T13:45:56","date_gmt":"2018-03-03T11:45:56","guid":{"rendered":"http:\/\/www.kurkkumarkkinat.fi\/?page_id=27"},"modified":"2018-03-06T08:37:00","modified_gmt":"2018-03-06T06:37:00","slug":"tietoja","status":"publish","type":"page","link":"https:\/\/www.kurkkumarkkinat.fi\/?page_id=27","title":{"rendered":"Historia"},"content":{"rendered":"<h1>KURKKUMARKKINAT VUODESTA 1984<\/h1>\n<p>Askaisten elinkeinotoimikunnan kokouksessa 20.6.1983 pohdittiin Askaisten kunnan kehitt\u00e4mist\u00e4. Ajatuksena tuli ilmi Askaistenp\u00e4iv\u00e4n j\u00e4rjest\u00e4minen. Asia j\u00e4i hautuumaan ja seuraavana vuonna Askaisten kyl\u00e4toimikunta sai ehdotuksen kurkkumarkkinoiden j\u00e4rjest\u00e4misest\u00e4. Ehdotus tuotiin elinkeinotoimikunnan kokoukseen, joka alkoi j\u00e4rjest\u00e4\u00e4 ensimm\u00e4ist\u00e4 Askaistenp\u00e4iv\u00e4\u00e4. Ensimm\u00e4iset markkinat j\u00f6rjestettiin 18.8.1984 Askaisten koulun pihalla.Vuonna 1986 aloitettiin koululaisten kurkunkasvatuskilpailu. Jokaiselle lapselle jaetaan koulussa kurkunsiemen, ruukku ja turvetta johon siemen kylvet\u00e4\u00e4n, sek\u00e4 kasvatusohjeet. Syksyll\u00e4 kurkkumarkkinoilla palkitaan paras kasvattaja, joka on saanut kappalem\u00e4\u00e4r\u00e4lt\u00e4\u00e4n eniten kurkkuja. Kilpailu jatkuu edelleen Maskun kouluissa. Samana vuonna ovat koululaiset piirt\u00e4neet kurkkuaiheisen piirustuksen \u201dKurkku miten vaan\u201d.<\/p>\n<p>Elinkeinotoimikunta luopui markkinoiden j\u00e4rjest\u00e4misest\u00e4 vuonna 1987 ja j\u00e4rjest\u00e4misvastuu siirtyi kurkkumarkkinatoimikunnalle. Koulun sis\u00e4tiloissa oli n\u00e4yttelyit\u00e4, Louhisaaren linnaan oli vapaa p\u00e4\u00e4sy markkinap\u00e4iv\u00e4n\u00e4 ja Livonsaaren seurojentalolla oli markkinatanssit talotoimikunnan j\u00e4rjest\u00e4m\u00e4n\u00e4, jotka jatkuvat yh\u00e4. Mainontakin alkoi tehota, sill\u00e4 yleis\u00f6\u00e4 tuli vuosi vuodelta lis\u00e4\u00e4.<\/p>\n<p>Askainen julistautui virallisesti 1988 kurkkupit\u00e4j\u00e4ksi. Askaisissa tuotettiin yli miljoona kiloa kurkkua joka oli yli 10 % koko Suomen kurkkutuotannosta. Seuraavana vuonna valittiin ensimm\u00e4inen \u201dKurkunleikkaaja\u201d. Kurkunleikkaaja on henkil\u00f6, joka on edist\u00e4nyt kotikuntansa tunnettavuutta ja omaleimaisuutta yli kuntarajojen.<\/p>\n<p>10-vuotisjuhlavuoden kunniaksi toteutettiin monivuotinen haave julkaista kurkkuruokakirja. Kirjan ohjeet ovat Askaisista ja osa ohjeista on kilpailujemme n\u00e4ytt\u00e4v\u00e4 v\u00e4rillinen kansi. Kurkkukirja saavutti suuren suosion ja jo seuraavana vuonna piti ottaa lis\u00e4painos.<\/p>\n<p>Vuonna 1993 Kurkkumarkkinatoimikunta lakkasi olemasta ja perustettiin yhdistys, jolla oli tarvittava vastuu toiminnan laajetessa. 1.4.1993 pidettiin kokous, jossa perustettiin Kurkkumarkkinat r.y.<\/p>\n<p>Koulun piha-alue oli tullut liian pieneksi, joten seuraavat markkinat j\u00e4rjestettiin Louhisaaren kahvilan piha-alueella. Samana vuonna Askaisten Visa j\u00e4rjesti ensimm\u00e4isen Kurkkuh\u00f6lk\u00e4n.<\/p>\n<p>Vuonna 2000 markkinapaikka vaihtui Askaisten keskustan tuntumassa olevaan Onni Muurisen peltoon. Vett\u00e4 satoi taivaan t\u00e4ydelt\u00e4 mutta asiakkaat eiv\u00e4t olleet unohtaneet markkinoita s\u00e4\u00e4olosuhteista huolimatta. Seuraavat markkinat j\u00e4rjestettiin tien vastakkaisella puolella P\u00f6yh\u00f6sen pellolla jossa ne ovat edelleen.<\/p>\n<p>Kurkkumarkkinoiden kirjamyyntiin tuli lis\u00e4ys kun Heikki Niittym\u00e4ki, Seppo Salonen ja Tapani Ver\u00e4j\u00e4nkorva ovat ker\u00e4nneet juttuja kirjaan \u201dSanos Kaartio\u201d. Kirjan kustantaja oli Askaisten Kurkkumarkkinat ry. ja kirja julkaistiin markkinoilla 10.8.2002.<\/p>\n<p>Vuonna 2003 j\u00e4rjestettiin ilmakuvaus markkina alueesta, jolla pystyttiin hahmottamaan markkinoiden yleis\u00f6m\u00e4\u00e4r\u00e4. Kuvaushetkell\u00e4 markkinoilla oli n. 4000 henke\u00e4.<\/p>\n<p>Talven aikana kurkkukirjatoimikunta ker\u00e4si uusia ja vanhoja kurkkuruokaohjeita ja valitsi uuteen kirjaan 153 maistuvaa ohjetta. Kirja julkaistiin vuonna 2004 markkinoilla ja uuden kirjan nimeksi tuli Kurkkuherkkuja Askaisista.<\/p>\n<p>Vuonna 2008 Askaisten Kurkkumarkkinat r.y. nimi muuttui Askaisten Kurkkuseura r.y:ksi.<\/p>\n","protected":false},"excerpt":{"rendered":"<p>KURKKUMARKKINAT VUODESTA 1984 Askaisten elinkeinotoimikunnan kokouksessa 20.6.1983 pohdittiin Askaisten kunnan kehitt\u00e4mist\u00e4. Ajatuksena tuli ilmi Askaistenp\u00e4iv\u00e4n j\u00e4rjest\u00e4minen. Asia j\u00e4i hautuumaan ja seuraavana vuonna Askaisten kyl\u00e4toimikunta sai ehdotuksen kurkkumarkkinoiden j\u00e4rjest\u00e4misest\u00e4. Ehdotus tuotiin elinkeinotoimikunnan kokoukseen, joka alkoi j\u00e4rjest\u00e4\u00e4 ensimm\u00e4ist\u00e4 Askaistenp\u00e4iv\u00e4\u00e4. Ensimm\u00e4iset markkinat j\u00f6rjestettiin 18.8.1984 Askaisten koulun pihalla.Vuonna 1986 aloitettiin koululaisten kurkunkasvatuskilpailu. Jokaiselle lapselle jaetaan koulussa kurkunsiemen, ruukku ja &hellip; <\/p>\n<p class=\"link-more\"><a href=\"https:\/\/www.kurkkumarkkinat.fi\/?page_id=27\" class=\"more-link\">Jatka lukemista<span class=\"screen-reader-text\"> &#8221;Historia&#8221;<\/span><\/a><\/p>\n","protected":false},"author":1,"featured_media":5,"parent":0,"menu_order":0,"comment_status":"closed","ping_status":"closed","template":"","meta":{"ngg_post_thumbnail":0,"footnotes":""},"class_list":["post-27","page","type-page","status-publish","has-post-thumbnail","hentry"],"_links":{"self":[{"href":"https:\/\/www.kurkkumarkkinat.fi\/index.php?rest_route=\/wp\/v2\/pages\/27","targetHints":{"allow":["GET"]}}],"collection":[{"href":"https:\/\/www.kurkkumarkkinat.fi\/index.php?rest_route=\/wp\/v2\/pages"}],"about":[{"href":"https:\/\/www.kurkkumarkkinat.fi\/index.php?rest_route=\/wp\/v2\/types\/page"}],"author":[{"embeddable":true,"href":"https:\/\/www.kurkkumarkkinat.fi\/index.php?rest_route=\/wp\/v2\/users\/1"}],"replies":[{"embeddable":true,"href":"https:\/\/www.kurkkumarkkinat.fi\/index.php?rest_route=%2Fwp%2Fv2%2Fcomments&post=27"}],"version-history":[{"count":0,"href":"https:\/\/www.kurkkumarkkinat.fi\/index.php?rest_route=\/wp\/v2\/pages\/27\/revisions"}],"wp:featuredmedia":[{"embeddable":true,"href":"https:\/\/www.kurkkumarkkinat.fi\/index.php?rest_route=\/wp\/v2\/media\/5"}],"wp:attachment":[{"href":"https:\/\/www.kurkkumarkkinat.fi\/index.php?rest_route=%2Fwp%2Fv2%2Fmedia&parent=27"}],"curies":[{"name":"wp","href":"https:\/\/api.w.org\/{rel}","templated":true}]}}